{"id":56,"date":"2016-05-13T18:30:26","date_gmt":"2016-05-13T18:30:26","guid":{"rendered":"http:\/\/beststar.com.pe\/clover\/?page_id=56"},"modified":"2018-09-15T14:00:44","modified_gmt":"2018-09-15T14:00:44","slug":"nuestras-soluciones","status":"publish","type":"page","link":"https:\/\/www.clovergroup.com\/es\/nuestras-soluciones\/","title":{"rendered":"Nuestras Soluciones"},"content":{"rendered":"<div class=\"page-title centered\"><h1>Conozca nuestros principales servicios<\/h1><br><\/div>\r\n<div id=\"tabbed-nav\">\r\n\r\n<ul>\r\n \t<li class=\"tab1\"><a>Log\u00edstica<br>Integral<\/a><\/li>\r\n \t<li class=\"tab2\"><a>Proyectos<br>Log\u00edsticos<\/a><\/li>\r\n \t<li class=\"tab3\"><a>Mudanzas<br>Personales<br>y de Oficina<\/a><\/li>\r\n \t<li class=\"tab4\"><a>Almac\u00e9n<\/a><\/li>\r\n \t<li class=\"tab5\"><a>Transporte<br>Terrestre<\/a><\/li>\r\n \t<li class=\"tab6\"><a>Almacenaje y<br>Digitalizaci\u00f3n de<br>Documentos<\/a><\/li>\r\n<\/ul>\r\n\r\n<div>\r\n\r\n<div>\r\n<section>\r\n<div class=\"container\">\r\n<div class=\"five\">\r\n<div class=\"col-xs-12 col-sm-8 col-sm-offset-2 centered \">\r\n<h2>Log\u00edstica Integral<\/h2>\r\n<h6>Ponga a Prueba Nuestra Capacidad en Log\u00edstica Integral.<\/h6>\r\n<h3>Manejamos y controlamos todas las etapas del proceso en una sola organizaci\u00f3n.<\/h3>\r\n<p>As\u00ed, aseguramos el control y almacenamiento de sus inventarios, con informaci\u00f3n oportuna, desde el origen hasta el punto de consumo.<\/p>\r\n\r\n<p><b>Este es nuestro desaf\u00edo permanente:<\/b><\/p>\r\n<ul>\r\n \t<li>Manejo inteligente de inventarios mediante planificaci\u00f3n y control de cada eslab\u00f3n de la cadena de suministros.<\/li>\r\n \t<li>Dise\u00f1o, implementaci\u00f3n y ejecuci\u00f3n de un sistema de procesos que optimiza la cadena de suministros.<\/li>\r\n \t<li>Asegurar la reducci\u00f3n de costos y tiempos de entrega.<\/li>\r\n \t<li>Proporcionar informaci\u00f3n en tiempo real, mejorando la visibilidad de los procesos.<\/li>\r\n \t<li>Administrar \u00d3rdenes de Compra.<\/li>\r\n \t<li>Tracking de sus embarques.<\/li>\r\n \t<li>Enlace de todos los componentes claves de la cadena de suministros con la tecnolog\u00eda m\u00e1s eficiente.<\/li>\r\n \t<li>Uso de infraestructura y recursos propios.<\/li>\r\n \t<li>Asesor\u00eda competente, altamente calificada y comprometida.<\/li>\r\n<br>\r\n<\/ul>\r\n<div class=\"empty30\"><\/div>\r\n<\/div>\r\n<\/div>\r\n<\/div>\r\n<\/section><\/div>\r\n<div><section>\r\n<div class=\"container\">\r\n<div class=\"five\">\r\n<div class=\"col-xs-12 col-sm-8 col-sm-offset-2 centered \">\r\n<h2>Proyectos Log\u00edsticos<\/h2>\r\n<h6>Ponga a Prueba nuestra capacidad de manejar Proyectos Log\u00edsticos.<\/h6>\r\n<h3>Dominamos el manejo de proyectos de carga sobredimensionada y\r\nextra pesada desde su fabricaci\u00f3n hasta la puesta en el job site.<\/h3>\r\n<p>Contamos con amplia experiencia en los sectores: Petrolero, Gas\u00edfero, Petroqu\u00edmico, Energ\u00e9tico y Minero.<\/p>\r\n\r\n<b>En este \u00e1mbito nos destacamos de la competencia ampliamente ya que ofrecemos:<\/b>\r\n<ul>\r\n<ul>\r\n \t<li>Transporte desde f\u00e1brica hasta su fundaci\u00f3n en el job site.<\/li>\r\n \t<li>Estudios de viabilidad.<\/li>\r\n \t<li>Movilizaci\u00f3n de equipos especiales.<\/li>\r\n \t<li>Informes de las condiciones de su carga en tiempo real.<\/li>\r\n \t<li>Asistencia t\u00e9cnica y supervisi\u00f3n en campo.<\/li>\r\n \t<li>Dise\u00f1o y ejecuci\u00f3n de la log\u00edstica internacional integrada, desde cualquier origen y hacia cualquier destino en el mundo.<\/li>\r\n \t<li>Charters a\u00e9reos o mar\u00edtimos completos o parciales de carga break bulk.<\/li>\r\n \t<li>Transporte multimodal, v\u00eda a\u00e9rea, mar\u00edtima y fluvial; combinando el traslado de la carga sobredimensionada con buques trasatl\u00e1nticos, barcazas y gabarras; lo que nos permite llegar hasta los lugares menos accesibles del pa\u00eds.<\/li>\r\n<\/ul>\r\n<\/ul>\r\n<h6>En resumen: Todo la complejidad que significa la movilizaci\u00f3n segura de sus equipos sobredimensionados manejados solo a trav\u00e9s de una sola empresa.<\/h6>\r\n<br>\r\n<div class=\"empty30\"><\/div>\r\n<\/div>\r\n<\/div>\r\n<\/div>\r\n<\/section><\/div>\r\n<div><section>\r\n<div class=\"container\">\r\n<div class=\"five\">\r\n<div class=\"col-xs-12 col-sm-8 col-sm-offset-2 centered \">\r\n<h2>Mudanzas Personales y de Oficina<\/h2>\r\n<h6>Ponga a Prueba Nuestra Capacidad en Mudanzas de Efectos Personales y Oficina.<\/h6>\r\n<h3>Mudanzas Nacionales e Internacionales.<\/h3>\r\n<p>Somos expertos en servicio de mudanza puerta a puerta, nacionales, locales e internacionales.\r\nDesde cualquier origen y hacia cualquier destino.\r\nAdicional, contamos con servicios de embalaje de alta calidad y personal en extremo competente.<\/p>\r\n\r\n<p><b>Este servicio incluye:<\/b><\/p>\r\n<ul>\r\n \t<li>Expertos asesores bilingu\u0308es que le acompa\u00f1ar\u00e1n en todo el proceso de su mudanza.<\/li>\r\n \t<li>P\u00f3liza de seguro internacional a todo riesgo.<\/li>\r\n \t<li>Programas de repatriaci\u00f3n.<\/li>\r\n \t<li>Planificaci\u00f3n pre &#8211; despacho.<\/li>\r\n \t<li>Embalaje especializado con materiales de calidad.<\/li>\r\n \t<li>Procesos aduaneros en origen y destino: Importaci\u00f3n y Exportaci\u00f3n.<\/li>\r\n \t<li>Instalaciones propias seguras y confiables para almacenar sus bienes o enseres.<\/li>\r\n \t<li>Optimizaci\u00f3n de tiempo y recursos.<\/li>\r\n \t<li>Precios competitivos para aprovechar sus recursos.<\/li>\r\n \t<li>Atenci\u00f3n y soluci\u00f3n inmediata de reclamos.<\/li>\r\n \t<li>Materiales de embalaje de alta calidad.<\/li>\r\n \t<li>Voladuras de piezas sobredimensionadas.<\/li>\r\n \t<li>Presencia en las ciudades m\u00e1s importantes de Venezuela, Miami y Houston.<\/li>\r\n \t<li>Red Mundial de Agentes de Mudanzas con amplio reconocimiento (FIDI, LACMA, IAM).<\/li>\r\n \t<li>Asesor\u00eda detallada con informaci\u00f3n del pa\u00eds y sus respectivos procesos aduaneros.<\/li>\r\n \t<li>Uso de modernos equipos de manejo de efectos personales.<\/li>\r\n \t<li>Instalaci\u00f3n de superficies protectoras.<\/li>\r\n \t<li>Certificaci\u00f3n internacional de calidad FIDI FAIM.<\/li>\r\n \t<li>Transporte de arte, pianos, cajas fuertes, veh\u00edculos, etc.<\/li>\r\n \t<li>Desembalaje y retiro de desechos.<\/li>\r\n \t<li>Tramitaci\u00f3n de aduana de importaci\u00f3n y exportaci\u00f3n.<\/li>\r\n<\/ul>\r\n<div class=\"empty30\"><\/div>\r\n<h3>Mudanzas de Oficina:<\/h3>\r\n<p>Somos especialistas en movilizaci\u00f3n y reubicaci\u00f3n de oficinas y personal. Trasladamos sus equipos y mobiliario desde una peque\u00f1a oficina hasta las instalaciones de una gran empresa.<\/p>\r\n\r\n<p><b>Trabajamos constantemente con el objetivo de ofrecerle el mejor servicio, que incluye:<\/b><\/p>\r\n<ul>\r\n \t<li>Participaci\u00f3n activa en la planificaci\u00f3n y asesoramiento de su mudanza.<\/li>\r\n \t<li>Coordinaci\u00f3n y trabajo en equipo con el personal que designe el cliente.<\/li>\r\n \t<li>Personal competente.<\/li>\r\n \t<li>Suministro del material de embalaje necesario.<\/li>\r\n \t<li>Embalaje de objetos de decoraci\u00f3n, equipos de computaci\u00f3n, libros, mobiliarios, etc.<\/li>\r\n \t<li>Traslados en veh\u00edculos adecuados.<\/li>\r\n \t<li>Reubicaciones en sus nuevas instalaciones.<\/li>\r\n \t<li>Desembalaje y montaje de sus pertenencias en destino.<\/li>\r\n<\/ul>\r\n<p class=\"centered\">Con todos estos servicios, le garantizamos la fluidez de las operaciones de la empresa\r\ndurante el per\u00edodo de reubicaci\u00f3n.<\/p>\r\n<br>\r\n<p>Aceptamos PayPal, Credit Card, Venmo, Apple Pay, transferencias y cheques.<\/p>\r\n\r\n<div class=\"empty30\"><\/div>\r\n<\/div>\r\n<\/div>\r\n<\/div>\r\n<\/section><\/div>\r\n<div><section>\r\n<div class=\"container\">\r\n<div class=\"five\">\r\n<div class=\"col-xs-12 col-sm-8 col-sm-offset-2 centered \">\r\n<h2>Almac\u00e9n<\/h2>\r\n<h6>Ponga a Prueba Nuestra Capacidad en Servicios de Almac\u00e9n.<\/h6>\r\n<h3>Manejo Inteligente de Almacenes y Centros de Distribuci\u00f3n.<\/h3>\r\n<p>Este servicio est\u00e1 totalmente dedicado a ofrecer soluciones \u00f3ptimas para el almacenaje, custodia y resguardo de mercanc\u00eda de nuestros clientes. As\u00ed le aseguramos rapidez, confiabilidad y seguridad en el manejo de mercanc\u00eda.<\/p>\r\n\r\n<p><b>Contamos con instalaciones adecuadas y todas las facilidades para prestar servicios, como:<\/b><\/p>\r\n<ul>\r\n \t<li>Servicios flexibles de almacenaje y distribuci\u00f3n con base a sus necesidades.<\/li>\r\n \t<li>Innovaci\u00f3n en recursos y tecnolog\u00eda de informaci\u00f3n que permite visualizar en tiempo real los inventarios.<\/li>\r\n \t<li>Cross docking.<\/li>\r\n \t<li>Manejo y administraci\u00f3n de \u00f3rdenes de compra.<\/li>\r\n \t<li>Amplias extensiones para almacenaje techado y en patios.<\/li>\r\n \t<li>Facilidades para administrar carga y descarga de contenedores y gandolas.<\/li>\r\n \t<li>Almacenes Generales de Dep\u00f3sitos (AGD).<\/li>\r\n \t<li>Dep\u00f3sito Aduanero (IN-BOND).<\/li>\r\n \t<li>Manejo de Contenedores de 20\u00b4, 40\u00b4, 45\u00b4y LCL.<\/li>\r\n \t<li>Traslados del puerto o aeropuerto hasta nuestro almac\u00e9n.<\/li>\r\n \t<li>Equipos para movilizaci\u00f3n y manejo de carga (montacargas, gr\u00faas, etc.).<\/li>\r\n \t<li>Sistemas de seguridad, control de acceso, modernos equipos y organizaci\u00f3n inteligente de su mercanc\u00eda.<\/li>\r\n \t<li>Distribuci\u00f3n de productos terminados y manejo de materias primas.<\/li>\r\n \t<li>Manejo de inventario de clientes.<\/li>\r\n \t<li>Almacenaje de productos refrigerados como medicinas, en nuestras instalaciones de La Guaira \u2013 Venezuela.<\/li>\r\n \t<li>Ensamblaje primario.<\/li>\r\n \t<li>Embalaje y empacado.<\/li>\r\n \t<li>Distribuci\u00f3n comercial.<\/li>\r\n<br>\r\n<\/ul>\r\n<div class=\"empty30\"><\/div>\r\n<\/div>\r\n<\/div>\r\n<\/div>\r\n<\/section><\/div>\r\n<div><section>\r\n<div class=\"container\">\r\n<div class=\"five\">\r\n<div class=\"col-xs-12 col-sm-8 col-sm-offset-2 centered \">\r\n<h2>Transporte Terrestre<\/h2>\r\n<h6>Ponga a Prueba nuestra capacidad en Transporte Terrestre.<\/h6>\r\n<h3>Ofrecemos soluciones integrales de transporte terrestre seguro y confiable,\u00a0\u00a0 \u2028mediante una amplia gama de equipos, orientados entregar mercanc\u00eda\r\nen tiempo y sin da\u00f1os.<\/h3>\r\n<p>Somos Especialistas en transporte de carga general, proyectos industriales,\r\ntanto sobredimensionados como extrapesados y veh\u00edculos \u201c0 Km\u201d.<\/p>\r\n\r\n<p><b>Por si fuera poco, contamos una flota propia de veh\u00edculos\r\npara brindar el servicio de transporte terrestre:<\/b><\/p>\r\n<ul>\r\n \t<li>Trailers<\/li>\r\n \t<li>Bateas<\/li>\r\n \t<li>Chutos<\/li>\r\n \t<li>Furgones<\/li>\r\n \t<li>Sider<\/li>\r\n \t<li>Camiones 350<\/li>\r\n \t<li>7000<\/li>\r\n \t<li>Tipo NPR<\/li>\r\n \t<li>Pick Up<\/li>\r\n \t<li>Veh\u00edculos Livianos<\/li>\r\n<\/ul><br>\r\n<p><b>Adem\u00e1s, para garantizar el funcionamiento del proceso, contamos con los siguientes servicios:<\/b><\/p>\r\n<ul>\r\n \t<li>Informaci\u00f3n oportuna y en tiempo real.<\/li>\r\n \t<li>Ubicaci\u00f3n de su carga en todo momento a trav\u00e9s de sistemas GPS.<\/li>\r\n \t<li>Carga de contenedores y carga suelta desde y hacia puertos y aeropuertos.<\/li>\r\n \t<li>S\u00f3lida plataforma de distribuci\u00f3n utilizando tecnolog\u00eda de avanzada bajo sistema SAP.<\/li>\r\n \t<li>Servicio de movilizaciones de carga sobredimensionada y extra pesada.<\/li>\r\n \t<li>Solventamos todos los tr\u00e1mites y asesor\u00eda necesaria para el traslado de su mercanc\u00eda.<\/li>\r\n \t<li>Ofrecemos el servicio de Cross-Docking con flota propia y afiliada.<\/li>\r\n \t<li>Transporte y distribuci\u00f3n de productos de consumo masivo.<\/li>\r\n<\/ul>\r\n<h3>Movemos y transportamos Veh\u00edculos \u201c0 Km\u201d.<\/h3>\r\n<ul>\r\n \t<li>Equipo especializado para el traslado seguro de veh\u00edculos como Nodrizas, Cigu\u0308e\u00f1as, Unitarios, Binarios, etc.<\/li>\r\n \t<li>L\u00edder en transporte de veh\u00edculos \u201cCero Kil\u00f3metros\u201d. M\u00e1s de 25 a\u00f1os manejando la distribuci\u00f3n de veh\u00edculos ensamblados en Venezuela.<\/li>\r\n \t<li>Carga, descarga, seguridad y auxilio vial en cualquier punto de Venezuela.<\/li>\r\n \t<li>Personal competente y con experiencia en la carga, amarre y descarga de veh\u00edculos.<\/li>\r\n \t<li>Administraci\u00f3n de patios de carga dentro de sus instalaciones o plantas.<\/li>\r\n \t<li>Traslado de veh\u00edculos importados desde los puertos hasta su planta.<\/li>\r\n<br>\r\n<\/ul>\r\n<div class=\"empty30\"><\/div>\r\n<\/div>\r\n<\/div>\r\n<\/div>\r\n<\/section><\/div>\r\n<div><section>\r\n<div class=\"container\">\r\n<div class=\"five\">\r\n<div class=\"col-xs-12 col-sm-8 col-sm-offset-2 centered \">\r\n<h2>Almacenaje y Digitalizaci\u00f3n de Documentos<\/h2>\r\n<h6>Ponga a Prueba Nuestra Capacidad de Almacenaje y Digitalizaci\u00f3n de Documentos.<\/h6>\r\n<img decoding=\"async\" src=\"https:\/\/www.clovergroup.com\/wp-content\/uploads\/2017\/04\/logo-cloverfile.png\" width=\"300\" \/>\r\n<h3>En CloverFile dise\u00f1amos soluciones en sistemas para el Almacenaje de Documentos f\u00edsicos y digitales.<\/h3>\r\n<p>Este servicio le permite optimizar el espacio, tiempo, costos, recursos, accesibilidad, protecci\u00f3n y preservaci\u00f3n de su patrimonio documental.<\/p>\r\n\r\n<p><b>Usted elige c\u00f3mo desea almacenar sus documentos, ya sea f\u00edsicamente, digitalmente o incluso en la Nube. Para lograrlo, nosotros le ofrecemos:<\/b><\/p>\r\n<ul>\r\n \t<li>Asesor\u00eda para la gesti\u00f3n de almacenaje de archivos.<\/li>\r\n \t<li>Almacenaje de archivos f\u00edsicos.<\/li>\r\n \t<li>Digitalizaci\u00f3n de documentos.<\/li>\r\n \t<li>Microfilmaci\u00f3n.<\/li>\r\n \t<li>Tercerizaci\u00f3n de procesos de archivo de nuestros clientes (outsourcing) con personal especializado.<\/li>\r\n \t<li>Servicio de despacho de documentos a nivel nacional.<\/li>\r\n \t<li>Servicios de desincorporaci\u00f3n y destrucci\u00f3n de documentos.<\/li>\r\n \t<li>Proveedor de cajas especializadas para documentos y planos.<\/li>\r\n \t<li>Almacenaje de datos en la Nube o Clover Cloud.<\/li>\r\n \t<li>Infraestructura y estanter\u00eda dise\u00f1ada exclusivamente para almacenar documentos.<\/li>\r\n \t<li>Identificaci\u00f3n y trazabilidad por anaqueles, pasillos y pisos para facilitar el acceso y ubicaci\u00f3n de sus documentos.<\/li>\r\n \t<li>Reducci\u00f3n de costos y optimizaci\u00f3n de espacio cr\u00edtico de archivos.<\/li>\r\n \t<li>Control estricto de inventario a trav\u00e9s de nuestro sistema SAP.<\/li>\r\n \t<li>Disponibilidad de sus documentos con despachos inmediatos.<\/li>\r\n \t<li>Confidencialidad.<\/li>\r\n \t<li>Envi\u00f3 de sus documentos en formato digital a solicitud.<\/li>\r\n \t<li>Ventas de cajas especiales para documentos, planos, etc. Resistencia hasta 25 kg.<\/li>\r\n<h3>Almacenaje de Documentos F\u00edsicos:<\/h3>\r\n<ul>\r\n \t<li>Galpones modernos, limpios e iluminados.<\/li>\r\n \t<li>Control de\u00a0temperatura y humedad.<\/li>\r\n \t<li>Monitoreo por sistemas de seguridad las 24 horas.<\/li>\r\n \t<li>Mantenimiento y control de fumigaci\u00f3n.<\/li>\r\n \t<li>Sistema de control detallado de todo material que ingresa y sale\u00a0del almac\u00e9n.<\/li>\r\n \t<li>Protegido por sistemas contra incendio.<\/li>\r\n<\/ul>\r\n<h3>Almacenamiento en Clover Cloud:<\/h3>\r\n<p>Este servicio de Clover respalda informaci\u00f3n digital de forma segura en la \u00abNube\u00bb.\r\nPermite administrar la informaci\u00f3n almacenada desde cualquier conexi\u00f3n a Internet de forma segura y totalmente confiable.<\/p>\r\n\r\n<p><b>Nosotros realizamos el respaldo seguro de la informaci\u00f3n cr\u00edtica, sensible y confidencial en los repositorios confiables de Hewlett-Packard\u00a0Autonomy:<\/b><\/p>\r\n<ul>\r\n \t<li><b>LiveVault:<\/b> Servicio de Respaldo \/ Recuperaci\u00f3n de informaci\u00f3n para servidores.<\/li>\r\n \t<li><b>TurboRestore:<\/b> Equipo que realiza Cach\u00e9 de almacenamiento local para r\u00e1pida recuperaci\u00f3n de \u00abservidores cr\u00edticos\u00bb.<\/li>\r\n \t<li><b>Connected Backup:<\/b> Servicio de Respaldo \/ Recuperaci\u00f3n de informaci\u00f3n para equipos de usuarios finales.<\/li>\r\n<\/ul>\r\n<h3>Digitalizaci\u00f3n de Documentos:<\/h3>\r\n<p>Nosotros nos encargamos de convertir sus documentos f\u00edsicos en im\u00e1genes digitales.<\/p>\r\n<p><b>As\u00ed prevenimos la p\u00e9rdida de registros. Administr\u00e1ndolos f\u00e1cil y r\u00e1pidamente,\r\nusted podr\u00e1 ubicarlos inmediatamente y ahorrar espacio.<\/b><\/p>\r\n\r\n<p><b>Conozca a fondo nuestros servicios: <\/b><\/p>\r\n<ul>\r\n \t<li>Digitalizamos sus documentos en nuestras instalaciones o en sus oficinas.<\/li>\r\n \t<li>Organizaci\u00f3n e indexaci\u00f3n de la documentaci\u00f3n.<\/li>\r\n \t<li>Acceso inmediato a millones de documentos almacenados.<\/li>\r\n \t<li>Eliminaci\u00f3n de p\u00e9rdida de documentos.<\/li>\r\n \t<li>Seguridad y limitaci\u00f3n de acceso.<\/li>\r\n \t<li>Reducci\u00f3n de costos.<\/li>\r\n \t<li>Ahorro de espacio f\u00edsico y papel.<\/li>\r\n \t<li>Recolecci\u00f3n y organizaci\u00f3n de los documentos en cualquier zona del pa\u00eds.<\/li>\r\n \t<li>Revisi\u00f3n \u2013 Organizaci\u00f3n \u2013 Clasificaci\u00f3n \u2013 Estructuraci\u00f3n de la Base de Datos.<\/li>\r\n \t<li>Escaneo de p\u00e1ginas \u2013 Transcripci\u00f3n de datos (Indexaci\u00f3n): Manual y OCR.<\/li>\r\n \t<li>Revisi\u00f3n de mejoramiento de la calidad de la imagen y lectura de la informaci\u00f3n.<\/li>\r\n \t<li>Construcci\u00f3n y respaldo de la base de datos de im\u00e1genes para acceso inmediato.<\/li>\r\n \t<li>Almacenamiento de la informaci\u00f3n en el medio deseado por el cliente.<\/li>\r\n \t<li>Potente gestor de documentos (Alchemy).<\/li>\r\n<br>\r\n<\/ul>\r\n<div class=\"empty30\"><\/div>\r\n<\/div>\r\n<\/div>\r\n<\/div>\r\n<\/section><\/div>\r\n<\/div>\r\n<\/div>\r\n<script type=\"text\/javascript\">\r\n        jQuery(document).ready(function () {\r\n            jQuery(\"#tabbed-nav\").zozoTabs({\r\n                theme: \"Pills\",\r\n                orientation: \"horizontal\",\r\n                position: \"top-compact\",\r\n                size: \"small\",\r\n                animation: {\r\n                    easing: \"easeInOutExpo\",\r\n                    duration: 400,\r\n                    effects: \"slideV\"\r\n                },\r\n                defaultTab: \"tab3\"\r\n            });\r\n        });\r\n    <\/script>","protected":false},"excerpt":{"rendered":"<p>Conozca nuestros principales servicios Log\u00edsticaIntegral ProyectosLog\u00edsticos MudanzasPersonalesy de Oficina Almac\u00e9n TransporteTerrestre Almacenaje yDigitalizaci\u00f3n deDocumentos Log\u00edstica Integral Ponga a Prueba Nuestra Capacidad en Log\u00edstica Integral. Manejamos y controlamos todas las etapas del proceso en una sola organizaci\u00f3n. As\u00ed, aseguramos el control&hellip;<\/p>\n","protected":false},"author":1,"featured_media":0,"parent":0,"menu_order":0,"comment_status":"closed","ping_status":"closed","template":"","meta":{"_mi_skip_tracking":false},"_links":{"self":[{"href":"https:\/\/www.clovergroup.com\/es\/wp-json\/wp\/v2\/pages\/56"}],"collection":[{"href":"https:\/\/www.clovergroup.com\/es\/wp-json\/wp\/v2\/pages"}],"about":[{"href":"https:\/\/www.clovergroup.com\/es\/wp-json\/wp\/v2\/types\/page"}],"author":[{"embeddable":true,"href":"https:\/\/www.clovergroup.com\/es\/wp-json\/wp\/v2\/users\/1"}],"replies":[{"embeddable":true,"href":"https:\/\/www.clovergroup.com\/es\/wp-json\/wp\/v2\/comments?post=56"}],"version-history":[{"count":60,"href":"https:\/\/www.clovergroup.com\/es\/wp-json\/wp\/v2\/pages\/56\/revisions"}],"predecessor-version":[{"id":575,"href":"https:\/\/www.clovergroup.com\/es\/wp-json\/wp\/v2\/pages\/56\/revisions\/575"}],"wp:attachment":[{"href":"https:\/\/www.clovergroup.com\/es\/wp-json\/wp\/v2\/media?parent=56"}],"curies":[{"name":"wp","href":"https:\/\/api.w.org\/{rel}","templated":true}]}}