{"id":86,"date":"2016-05-17T16:52:11","date_gmt":"2016-05-17T16:52:11","guid":{"rendered":"http:\/\/beststar.com.pe\/clover\/?page_id=86"},"modified":"2019-12-12T20:58:42","modified_gmt":"2019-12-12T20:58:42","slug":"grupo-clover","status":"publish","type":"page","link":"https:\/\/www.clovergroup.com\/es\/grupo-clover\/","title":{"rendered":"Grupo Clover"},"content":{"rendered":"<div id=\"servicios\">\r\n\r\n<ul>\r\n \t<li class=\"ofi1\"><a>Miami<\/a><\/li>\r\n \t<li class=\"ofi2\"><a>Houston<\/a><\/li>\r\n \t<li class=\"ofi3\"><a>Venezuela<\/a><\/li>\r\n<\/ul>\r\n\r\n<div>\r\n\r\n<div>\r\n<section>\r\n<section>\r\n<div class=\"container\">\r\n<div class=\"five\">\r\n\r\n<div class=\"col-xs-12 centered\">\r\n<h2>Clover Miami<\/h2>\r\n<p>Especialista como operador de carga intermodal con amplia experiencia en el manejo y consolidaci\u00f3n de carga, desde y hacia los principales puntos estrat\u00e9gicos del mundo.\r\n<br>\r\nSomos una empresa que ofrece el servicio de log\u00edstica Puerta a Puerta a la medida de sus necesidades.<\/p>\r\n<\/div>\r\n\r\n<div class=\"empty30\"><\/div>\r\n\r\n<div class=\"col-xs-12 col-sm-4 diferentes\">\r\n<div class=\"\">\r\n<img decoding=\"async\" src=\"https:\/\/www.clovergroup.com\/wp-content\/uploads\/2017\/04\/almacenmiami.jpg\" \/>\r\n<h3>Almacenes<\/h3>\r\n<p>Amplias \u00e1reas de almacenaje (10.000 mts2), debidamente equipadas para garantizar operaciones seguras, confiables, en cumplimiento de altos est\u00e1ndares servicio y optimizando nuestro desempe\u00f1o.<\/p>\r\n<\/div>\r\n<\/div>\r\n<div class=\"col-xs-12 col-sm-4 diferentes\">\r\n<div class=\"\">\r\n\r\n<img decoding=\"async\" src=\"https:\/\/www.clovergroup.com\/wp-content\/uploads\/2017\/04\/presencia-mundial.jpg\" \/>\r\n<h3>Presencia Mundial<\/h3>\r\n<p>Nuestra amplia red de aliados nos asegura poder ofrecerle servicios, desde y hacia cualquier punto del mundo, siempre a tiempo y con un manejo profesional de su cadena de suministros.<\/p>\r\n\r\n<\/div>\r\n<\/div>\r\n<div class=\"col-xs-12 col-sm-4 diferentes\">\r\n<div class=\"\">\r\n\r\n<img decoding=\"async\" src=\"https:\/\/www.clovergroup.com\/wp-content\/uploads\/2017\/04\/tecnologiamiami.jpg\" \/>\r\n<h3>Tecnolog\u00eda<\/h3>\r\n<p>Nuestros procesos apoyados en tecnolog\u00eda de vanguardia le aseguran informaci\u00f3n en tiempo real y la completa rastreabilidad de sus operaciones.<\/p>\r\n\r\n<\/div>\r\n<\/div>\r\n<div class=\"row\">\r\n<div class=\"col-xs-12 centered nopadding\">\r\n\r\n<hr \/>\r\n\r\n<h3 style=\"margin-bottom: -30px;\">Servicios Ofrecidos por Clover Miami<\/h3>\r\n<div id=\"tabbed-nav2\">\r\n<ul>\r\n<li><div class=\"truck-icon\"><\/div><span>Carga Internacional<\/span><\/li>\r\n<li><div class=\"aduana-icon\"><\/div><span>Agenciamiento de Aduana<\/span><\/li>\r\n<li><div class=\"almacen-icon\"><\/div><span>Almacenaje<\/span><\/li>\r\n<li><div class=\"embalaje-icon\"><\/div><span>Embalaje Industrial<\/span><\/li>\r\n<li><div class=\"transport-icon\"><\/div><span>Transporte y Distribuci\u00f3n de Mercanc\u00edas<\/span><\/li>\r\n<li><div class=\"world\"><\/div><span>Mudanzas Nacionales e Internacionales<\/span><\/li>\r\n<li><div class=\"feria-icon\"><\/div><span>Transporte especializado para Ferias y Exposiciones<\/span><\/li>\r\n<\/ul>\r\n<\/div>\r\n<\/div>\r\n<\/div>\r\n\r\n<hr \/>\r\n<div class=\"col-md-12 centered small-blue\">\r\n<p>Servicios de Carga A\u00e9rea y Mar\u00edtima, operamos bajo licencia de manejadores de carga y Non Vessel Operating Common Carriers (N.V.O.C.C), con amplias capacidades de almacenamiento y embalaje.\r\nEspecialistas en Mudanzas Nacionales e Internacionales. Personal Biling\u00fce, con s\u00f3lidos conocimientos y amplia experiencia. Atenci\u00f3n personalizada al cliente, dedicaci\u00f3n exclusiva y flexibilidad, les asegura una respuesta inmediata y acertada.<\/p>\r\n\r\n<p>1910 N.W. 97th Avenue, Miami, FL. 33172 | Tel: 305-592-4300 | Fax: +1 305-392-2413 | e-mail: miami@clovergroup.com<\/p><\/div>\r\n\r\n<\/div><\/div>\r\n\r\n<\/section>\r\n<\/div>\r\n\r\n<div>\r\n<section>\r\n<div class=\"container\">\r\n<div class=\"five\">\r\n\r\n<div class=\"col-xs-12 centered\">\r\n<h2>Clover Houston<\/h2>\r\n<p>Hace m\u00e1s de 25 a\u00f1os nos convertimos junto con nuestra oficina en Miami, en uno de los principales agentes de consolidaci\u00f3n, embalaje y entrega de carga a cualquier parte\r\nde los Estados Unidos, Latinoam\u00e9rica y resto del mundo.<\/p>\r\n\r\n<p>Somos especialistas en manejo de Proyectos Log\u00edsticos e Industriales para el sector Petrolero, Energ\u00e9tico y Gas. Con capacidad de movilizar mercanc\u00eda y equipos sobredimensionados y extrapesados.<\/p>\r\n<\/div>\r\n\r\n<div class=\"empty30\"><\/div>\r\n\r\n<div class=\"col-xs-12 col-sm-4 diferentes\">\r\n<div class=\"\">\r\n<img decoding=\"async\" src=\"https:\/\/www.clovergroup.com\/wp-content\/uploads\/2017\/04\/houstoninfraestructura.jpg\" \/>\r\n<h3>Infraestructura y Equipos:<\/h3>\r\n<p>Amplias \u00e1reas de almacenaje, m\u00e1s de 70,000 m\u00b2 a su disposici\u00f3n. Equipos de \u00faltima tecnolog\u00eda nos permiten asegurarle un manejo a tiempo y sin da\u00f1os.<\/p>\r\n<\/div>\r\n<\/div>\r\n\r\n<div class=\"col-xs-12 col-sm-4 diferentes\">\r\n\r\n<div class=\"\">\r\n<img decoding=\"async\" src=\"https:\/\/www.clovergroup.com\/wp-content\/uploads\/2017\/04\/\/houstonindustriales.jpg\" \/>\r\n<h3>Proyectos Industriales y de Log\u00edstica:<\/h3>\r\n<p>Nuestras amplia experiencia en el manejo de operaciones complejas y de alto impacto nos permiten asegurarle el \u00e9xito en sus proyectos. S\u00f3lidos conocimientos en la gerencia y control de proyectos industriales con alta demanda de precisi\u00f3n y manejo de los detalles.<\/p>\r\n<\/div>\r\n<\/div>\r\n\r\n<div class=\"col-xs-12 col-sm-4 diferentes\">\r\n<div class=\"\">\r\n<img decoding=\"async\" src=\"https:\/\/www.clovergroup.com\/wp-content\/uploads\/2017\/04\/houstonatencion.jpg\" \/>\r\n<h3>Atenci\u00f3n Personalizada:<\/h3>\r\n<p>Siempre orientados a brindar un servicio de calidad, flexible y adecuado a las necesidades de nuestro clientes. Contamos con soluciones innovadores que hacen de la log\u00edstica integrada, una experiencia de alto desempe\u00f1o.<\/p>\r\n<\/div>\r\n<\/div>\r\n\r\n<div class=\"row\">\r\n<div class=\"col-xs-12 centered nopadding\">\r\n<hr \/>\r\n<h3 style=\"margin-bottom: -30px;\">Servicios Ofrecidos por Clover Houston<\/h3>\r\n<div id=\"tabbed-houston\">\r\n<ul>\r\n<li><div class=\"cinta-icon\"><\/div><span>Gerencia de Proyectos de Log\u00edstica e Industriales<\/span><\/li>\r\n<li><div class=\"truck-icon\"><\/div><span>Carga Internacional<\/span><\/li>\r\n<li><div class=\"aduana-icon\"><\/div><span>Agenciamiento de Aduana<\/span><\/li>\r\n<li><div class=\"world\"><\/div><span>Mudanzas Nacionales e Internacionales<\/span><\/li>\r\n<li><div class=\"almacen-icon\"><\/div><span>Almacenaje<\/span><\/li>\r\n<li><div class=\"embalaje-icon\"><\/div><span>Embalaje Industrial<\/span><\/li>\r\n<li><div class=\"transport-icon\"><\/div><span>Transporte Especializado<\/span><\/li>\r\n<\/ul>\r\n<\/div>\r\n<\/div>\r\n<\/div>\r\n\r\n<hr \/>\r\n\r\n<div class=\"col-md-12 centered small-blue\">\r\n\r\n<p>Operamos los 365 d\u00edas del a\u00f1o, 24 horas al d\u00eda. Nuestra filosof\u00eda es ofrecerle una atenci\u00f3n personalizada acorde a sus necesidades con personal inmerso en la Gerencia de Proyectos, respuesta inmediata y acertada a sus requerimientos, adem\u00e1s de informaci\u00f3n confiable y precisa en tiempo real.<\/p>\r\n\r\n<p>Houston (Texas): 14134 Vickery Dr, Houston, TX 77032 | Tel: 281-449-9700 | Fax: 281-449-1630 | e-mail: info.houston@clovergroup.com<\/p>\r\n\r\n<\/div>\r\n<\/div>\r\n<\/div>\r\n<\/section><\/div>\r\n<div><section>\r\n<div class=\"container\">\r\n<div class=\"five\">\r\n<div class=\"col-xs-12 centered\">\r\n<h2>Clover Venezuela<\/h2>\r\n<p>Desde 1964, somos especialistas en servicio de log\u00edstica integrada, transporte internacional de carga, transporte y distribuci\u00f3n de mercanc\u00eda, con presencia en los principales puertos y aeropuertos a nivel nacional.<\/p>\r\n<\/div>\r\n\r\n<div class=\"empty30\"><\/div>\r\n\r\n<div class=\"col-xs-12 col-sm-4 diferentes\">\r\n<div class=\"\">\r\n\r\n<img decoding=\"async\" src=\"https:\/\/www.clovergroup.com\/wp-content\/uploads\/2017\/04\/venezuela-infraestructura.jpg\" \/>\r\n<h3>Infraestructura Propia<\/h3>\r\n<p>Contamos con infraestructura propia y adecuada en los servicios que prestamos, adem\u00e1s de asesor\u00eda para operar como agente de aduana en las principales aduanas del pa\u00eds.<\/p>\r\n<\/div>\r\n<\/div>\r\n\r\n<div class=\"col-xs-12 col-sm-4 diferentes\">\r\n<div class=\"\">\r\n<img decoding=\"async\" src=\"https:\/\/www.clovergroup.com\/wp-content\/uploads\/2017\/04\/venezuelapersonal.jpg\" \/>\r\n<h3>Personal Competente<\/h3>\r\n<p>Nuestro equipo humano cuenta con amplia experiencia y competencia en el manejo de cadena de suministros y servicios de log\u00edstica Integrada.<\/p>\r\n<\/div>\r\n<\/div>\r\n\r\n<div class=\"col-xs-12 col-sm-4 diferentes\">\r\n<div class=\"\">\r\n<img decoding=\"async\" src=\"https:\/\/www.clovergroup.com\/wp-content\/uploads\/2017\/04\/experiencia-venezuela.jpg\" \/>\r\n<h3>Experiencia<\/h3>\r\n<p>Nuestra experiencia de m\u00e1s de 50 a\u00f1os nos convierte en un aliado que agrega valor a su gesti\u00f3n.<\/p>\r\n<\/div>\r\n<\/div>\r\n\r\n<div class=\"row\">\r\n<div class=\"col-xs-12 centered nopadding\">\r\n<hr \/>\r\n<h3 style=\"margin-bottom: -30px;\">Servicios Ofrecidos por Clover Venezuela<\/h3>\r\n<div id=\"tabbed-venezuela\">\r\n<ul>\r\n<li><div class=\"truck-icon\"><\/div><span>Carga Internacional<\/span><\/li>\r\n<li><div class=\"aduana-icon\"><\/div><span>Agenciamiento de Aduana<\/span><\/li>\r\n<li><div class=\"almacen-icon\"><\/div><span>Almacenaje<\/span><\/li>\r\n<li><div class=\"transport-icon\"><\/div><span>Transporte y Distribuci\u00f3n de Mercanc\u00edas<\/span><\/li>\r\n<li><div class=\"world\"><\/div><span>Mudanzas Nacionales e Internacionales<\/span><\/li>\r\n<li><div class=\"digital-icon\"><\/div><span>Almacenaje y Digitalizaci\u00f3n de Documentos<\/span><\/li>\r\n<li><div class=\"feria-icon\"><\/div><span>Transporte especializado para Ferias y Exposiciones<\/span><\/li>\r\n<li><div style=\"    background-image: url(https:\/\/www.clovergroup.com\/wp-content\/uploads\/2018\/09\/cpack.png) !important;\r\n    background-repeat: no-repeat;\r\n    background-position: bottom;\r\n    background-size: 70%;\r\n    min-height: 160px;\r\n    cursor: pointer;\r\n    border-right: 0px solid white !important;\r\n    transition: all 0.2s ease;\"><\/div><span>Clover Pack &#8211; Env\u00edos Internacionales \u00abH\u00e1galo Usted Mismo\u00bb<\/span><\/li>\r\n<\/ul>\r\n<\/div>\r\n<\/div>\r\n<\/div>\r\n\r\n<hr \/>\r\n\r\n<div class=\"col-md-12 centered small-blue\">\r\n\r\n<p>Administramos su cadena de suministros con recursos propios, personal calificado, biling\u00fce, profesional.\r\n\r\nContamos con amplias \u00e1reas de almacenaje, estamos ubicados en las zonas geogr\u00e1ficas m\u00e1s importantes del pa\u00eds y siempre avalados por nuestro sistema de gesti\u00f3n de la calidad bajo: ISO-9001.<\/p>\r\n\r\n<p>Venezuela: Caracas, La Guaira, Valencia, Puerto Cabello, Maracaibo, Barcelona, Guanta, San Antonio del T\u00e1chira <br>Tel.: 0500-cloverg (2568374) | Tel: +58212-9031399 | e-mail: clover@clovergroup.com.ve<\/p>\r\n<p>Clover Internacional, C.A \/ J-00042000-9<\/p>\r\n\r\n<\/div>\r\n<\/div>\r\n<\/div>\r\n<\/section><\/div>\r\n<\/div>\r\n<\/div>\r\n<script type=\"text\/javascript\">\r\n        jQuery(document).ready(function () {\r\n            jQuery(\"#servicios\").zozoTabs({\r\n                theme: \"Pills\",\r\n                orientation: \"horizontal\",\r\n                position: \"top-compact\",\r\n                size: \"small\",\r\n                animation: {\r\n                    easing: \"easeInOutExpo\",\r\n                    duration: 400,\r\n                    effects: \"slideV\"\r\n                },\r\n                defaultTab: \"tab1\"\r\n            });\r\n        });\r\n    <\/script>\r\n\r\n<script type=\"text\/javascript\">\r\n        jQuery(document).ready(function () {\r\n            jQuery(\"#tabbed-nav2\").zozoTabs({\r\n                theme: \"Pills\",\r\n                orientation: \"horizontal\",\r\n                position: \"top-compact\",\r\n                size: \"medium\",\r\n                animation: {\r\n                    easing: \"easeInOutExpo\",\r\n                    duration: 400,\r\n                    effects: \"slideV\"\r\n                },\r\n                defaultTab: \"tab1\"\r\n            });\r\n        });\r\n    <\/script>\r\n\r\n<script type=\"text\/javascript\">\r\n        jQuery(document).ready(function () {\r\n            jQuery(\"#tabbed-houston\").zozoTabs({\r\n                theme: \"Pills\",\r\n                orientation: \"horizontal\",\r\n                position: \"top-compact\",\r\n                size: \"medium\",\r\n                animation: {\r\n                    easing: \"easeInOutExpo\",\r\n                    duration: 400,\r\n                    effects: \"slideV\"\r\n                },\r\n                defaultTab: \"tab1\"\r\n            });\r\n        });\r\n    <\/script>\r\n\r\n<script type=\"text\/javascript\">\r\n        jQuery(document).ready(function () {\r\n            jQuery(\"#tabbed-venezuela\").zozoTabs({\r\n                theme: \"Pills\",\r\n                orientation: \"horizontal\",\r\n                position: \"top-compact\",\r\n                size: \"medium\",\r\n                animation: {\r\n                    easing: \"easeInOutExpo\",\r\n                    duration: 400,\r\n                    effects: \"slideV\"\r\n                },\r\n                defaultTab: \"tab1\"\r\n            });\r\n        });\r\n    <\/script>","protected":false},"excerpt":{"rendered":"<p>Miami Houston Venezuela Clover Miami Especialista como operador de carga intermodal con amplia experiencia en el manejo y consolidaci\u00f3n de carga, desde y hacia los principales puntos estrat\u00e9gicos del mundo. Somos una empresa que ofrece el servicio de log\u00edstica Puerta&hellip;<\/p>\n","protected":false},"author":1,"featured_media":0,"parent":0,"menu_order":0,"comment_status":"closed","ping_status":"closed","template":"","meta":{"_mi_skip_tracking":false},"_links":{"self":[{"href":"https:\/\/www.clovergroup.com\/es\/wp-json\/wp\/v2\/pages\/86"}],"collection":[{"href":"https:\/\/www.clovergroup.com\/es\/wp-json\/wp\/v2\/pages"}],"about":[{"href":"https:\/\/www.clovergroup.com\/es\/wp-json\/wp\/v2\/types\/page"}],"author":[{"embeddable":true,"href":"https:\/\/www.clovergroup.com\/es\/wp-json\/wp\/v2\/users\/1"}],"replies":[{"embeddable":true,"href":"https:\/\/www.clovergroup.com\/es\/wp-json\/wp\/v2\/comments?post=86"}],"version-history":[{"count":56,"href":"https:\/\/www.clovergroup.com\/es\/wp-json\/wp\/v2\/pages\/86\/revisions"}],"predecessor-version":[{"id":658,"href":"https:\/\/www.clovergroup.com\/es\/wp-json\/wp\/v2\/pages\/86\/revisions\/658"}],"wp:attachment":[{"href":"https:\/\/www.clovergroup.com\/es\/wp-json\/wp\/v2\/media?parent=86"}],"curies":[{"name":"wp","href":"https:\/\/api.w.org\/{rel}","templated":true}]}}